{"id":3095,"date":"2026-05-17T03:01:52","date_gmt":"2026-05-17T01:01:52","guid":{"rendered":"https:\/\/www.denisbourgeois.com\/?page_id=3095"},"modified":"2026-05-17T03:18:16","modified_gmt":"2026-05-17T01:18:16","slug":"commercial_gallerie","status":"publish","type":"page","link":"https:\/\/www.denisbourgeois.com\/?page_id=3095","title":{"rendered":"Commercial_R\u00f4tisserie de l&rsquo;AS"},"content":{"rendered":"<p>[et_pb_section fb_built=\u00a0\u00bb1&Prime; _builder_version=\u00a0\u00bb4.27.6&Prime; _module_preset=\u00a0\u00bbdefault\u00a0\u00bb custom_margin=\u00a0\u00bb100px||||false|false\u00a0\u00bb global_colors_info=\u00a0\u00bb{}\u00a0\u00bb][et_pb_row use_custom_gutter=\u00a0\u00bbon\u00a0\u00bb gutter_width=\u00a0\u00bb1&Prime; _builder_version=\u00a0\u00bb4.27.6&Prime; _module_preset=\u00a0\u00bbdefault\u00a0\u00bb custom_padding=\u00a0\u00bb63px||63px||true|false\u00a0\u00bb global_colors_info=\u00a0\u00bb{}\u00a0\u00bb][et_pb_column type=\u00a0\u00bb4_4&Prime; _builder_version=\u00a0\u00bb4.27.6&Prime; _module_preset=\u00a0\u00bbdefault\u00a0\u00bb global_colors_info=\u00a0\u00bb{}\u00a0\u00bb][et_pb_text _builder_version=\u00a0\u00bb4.27.6&Prime; _module_preset=\u00a0\u00bbdefault\u00a0\u00bb text_font_size=\u00a0\u00bb16px\u00a0\u00bb header_text_align=\u00a0\u00bbcenter\u00a0\u00bb header_6_font=\u00a0\u00bbKarla|600|||||||\u00a0\u00bb header_6_font_size=\u00a0\u00bb17px\u00a0\u00bb custom_margin=\u00a0\u00bb-1px||30px||false|false\u00a0\u00bb global_colors_info=\u00a0\u00bb{}\u00a0\u00bb]<\/p>\n<h1 style=\"text-align: center;\">R\u00f4tisserie de l\u2019AS<\/h1>\n<h6 style=\"text-align: center;\">R\u00e9novation restaurant<\/h6>\n<p>[\/et_pb_text][et_pb_text _builder_version=\u00a0\u00bb4.27.6&Prime; _module_preset=\u00a0\u00bbdefault\u00a0\u00bb text_font=\u00a0\u00bbKarla|300|||||||\u00a0\u00bb text_font_size=\u00a0\u00bb16px\u00a0\u00bb text_orientation=\u00a0\u00bbleft\u00a0\u00bb custom_margin=\u00a0\u00bb-1px||60px|||\u00a0\u00bb global_colors_info=\u00a0\u00bb{}\u00a0\u00bb]<\/p>\n<p style=\"text-align: left;\">Notre mandat consistait \u00e0 r\u00e9nover enti\u00e8rement un local de restauration existant afin d\u2019y relocaliser La r\u00f4tisserie de l\u2019As, une r\u00e9f\u00e9rence pour <br \/>les amateurs de poulet depuis 45 ans. La cuisine en place ne r\u00e9pondait pas aux besoins des nouveaux propri\u00e9taires, et l\u2019am\u00e9nagement <br \/>a \u00e9t\u00e9 compl\u00e8tement repens\u00e9 pour accompagner l\u2019\u00e9volution de l\u2019offre et donner au restaurant une identit\u00e9 enti\u00e8rement nouvelle.<\/p>\n<p>Initialement centr\u00e9 sur le comptoir \u00e0 emporter, le lieu a \u00e9t\u00e9 transform\u00e9 pour int\u00e9grer une salle \u00e0 manger d\u2019environ 50 places, tout en maintenant une grande efficacit\u00e9 pour les commandes \u00e0 emporter et la livraison. L\u2019organisation des espaces a \u00e9t\u00e9 \u00e9tudi\u00e9e avec soin afin d\u2019assurer une circulation fluide et des op\u00e9rations efficaces. D\u00e9velopp\u00e9 \u00e0 partir de z\u00e9ro, le concept a permis de d\u00e9finir une image de marque coh\u00e9rente et distinctive, en continuit\u00e9 avec l\u2019exp\u00e9rience propos\u00e9e. L\u2019ensemble du projet mise sur une ambiance chaleureuse, ma\u00eetris\u00e9e et durable.<\/p>\n<p><em>Photos EGP M\u00e9dia<\/em><\/p>\n<p>[\/et_pb_text][et_pb_gallery gallery_ids=\u00a0\u00bb3103,3104,3105,3106,3107,3108,3109,3110,3111,3112,3113,3114,3115,3116,3117,3118,3119,3120&Prime; posts_number=\u00a0\u00bb20&Prime; show_title_and_caption=\u00a0\u00bboff\u00a0\u00bb show_pagination=\u00a0\u00bboff\u00a0\u00bb zoom_icon_color=\u00a0\u00bb#cda349&Prime; hover_overlay_color=\u00a0\u00bbrgba(0,0,0,0.35)\u00a0\u00bb _builder_version=\u00a0\u00bb4.27.6&Prime; _module_preset=\u00a0\u00bbdefault\u00a0\u00bb custom_padding=\u00a0\u00bb||28px|||\u00a0\u00bb hover_enabled=\u00a0\u00bb0&Prime; border_width_all=\u00a0\u00bb1px\u00a0\u00bb border_color_all=\u00a0\u00bb#FFFFFF\u00a0\u00bb global_colors_info=\u00a0\u00bb{}\u00a0\u00bb hover_icon=\u00a0\u00bb&#x54;||divi||400&Prime; sticky_enabled=\u00a0\u00bb0&Prime;][\/et_pb_gallery][et_pb_divider color=\u00a0\u00bb#cda349&Prime; divider_position=\u00a0\u00bbcenter\u00a0\u00bb _builder_version=\u00a0\u00bb4.27.6&Prime; _module_preset=\u00a0\u00bbdefault\u00a0\u00bb global_colors_info=\u00a0\u00bb{}\u00a0\u00bb][\/et_pb_divider][et_pb_text _builder_version=\u00a0\u00bb4.27.6&Prime; _module_preset=\u00a0\u00bbdefault\u00a0\u00bb header_6_font=\u00a0\u00bbKarla|600|||||||\u00a0\u00bb global_colors_info=\u00a0\u00bb{}\u00a0\u00bb]<\/p>\n<h6>Avant<\/h6>\n<p>[\/et_pb_text][et_pb_gallery gallery_ids=\u00a0\u00bb3121,3122,3123&Prime; show_title_and_caption=\u00a0\u00bboff\u00a0\u00bb show_pagination=\u00a0\u00bboff\u00a0\u00bb zoom_icon_color=\u00a0\u00bb#cda349&Prime; hover_overlay_color=\u00a0\u00bbrgba(0,0,0,0.35)\u00a0\u00bb hover_icon=\u00a0\u00bb&#x54;||divi||400&Prime; _builder_version=\u00a0\u00bb4.27.6&Prime; _module_preset=\u00a0\u00bbdefault\u00a0\u00bb child_filter_saturate=\u00a0\u00bb0%\u00a0\u00bb border_width_all=\u00a0\u00bb1px\u00a0\u00bb border_color_all=\u00a0\u00bb#FFFFFF\u00a0\u00bb global_colors_info=\u00a0\u00bb{}\u00a0\u00bb][\/et_pb_gallery][\/et_pb_column][\/et_pb_row][\/et_pb_section]<\/p>\n","protected":false},"excerpt":{"rendered":"<p>R\u00f4tisserie de l\u2019AS R\u00e9novation restaurantNotre mandat consistait \u00e0 r\u00e9nover enti\u00e8rement un local de restauration existant afin d\u2019y relocaliser La r\u00f4tisserie de l\u2019As, une r\u00e9f\u00e9rence pour les amateurs de poulet depuis 45 ans. La cuisine en place ne r\u00e9pondait pas aux besoins des nouveaux propri\u00e9taires, et l\u2019am\u00e9nagement a \u00e9t\u00e9 compl\u00e8tement repens\u00e9 pour accompagner l\u2019\u00e9volution de l\u2019offre [&hellip;]<\/p>\n","protected":false},"author":1,"featured_media":0,"parent":0,"menu_order":0,"comment_status":"closed","ping_status":"closed","template":"","meta":{"_et_pb_use_builder":"on","_et_pb_old_content":"","_et_gb_content_width":"","inline_featured_image":false,"footnotes":""},"class_list":["post-3095","page","type-page","status-publish","hentry"],"_links":{"self":[{"href":"https:\/\/www.denisbourgeois.com\/index.php?rest_route=\/wp\/v2\/pages\/3095","targetHints":{"allow":["GET"]}}],"collection":[{"href":"https:\/\/www.denisbourgeois.com\/index.php?rest_route=\/wp\/v2\/pages"}],"about":[{"href":"https:\/\/www.denisbourgeois.com\/index.php?rest_route=\/wp\/v2\/types\/page"}],"author":[{"embeddable":true,"href":"https:\/\/www.denisbourgeois.com\/index.php?rest_route=\/wp\/v2\/users\/1"}],"replies":[{"embeddable":true,"href":"https:\/\/www.denisbourgeois.com\/index.php?rest_route=%2Fwp%2Fv2%2Fcomments&post=3095"}],"version-history":[{"count":8,"href":"https:\/\/www.denisbourgeois.com\/index.php?rest_route=\/wp\/v2\/pages\/3095\/revisions"}],"predecessor-version":[{"id":3139,"href":"https:\/\/www.denisbourgeois.com\/index.php?rest_route=\/wp\/v2\/pages\/3095\/revisions\/3139"}],"wp:attachment":[{"href":"https:\/\/www.denisbourgeois.com\/index.php?rest_route=%2Fwp%2Fv2%2Fmedia&parent=3095"}],"curies":[{"name":"wp","href":"https:\/\/api.w.org\/{rel}","templated":true}]}}