{"id":2977,"date":"2026-05-14T02:49:23","date_gmt":"2026-05-14T00:49:23","guid":{"rendered":"https:\/\/www.denisbourgeois.com\/?page_id=2977"},"modified":"2026-05-14T03:48:38","modified_gmt":"2026-05-14T01:48:38","slug":"2977-2","status":"publish","type":"page","link":"https:\/\/www.denisbourgeois.com\/?page_id=2977","title":{"rendered":"R\u00e9sidentiel_St-Mathieu"},"content":{"rendered":"<p>[et_pb_section fb_built=\u00a0\u00bb1&Prime; _builder_version=\u00a0\u00bb4.27.6&Prime; _module_preset=\u00a0\u00bbdefault\u00a0\u00bb custom_margin=\u00a0\u00bb100px||||false|false\u00a0\u00bb custom_padding=\u00a0\u00bb100px||125px|||\u00a0\u00bb global_colors_info=\u00a0\u00bb{}\u00a0\u00bb][et_pb_row use_custom_gutter=\u00a0\u00bbon\u00a0\u00bb gutter_width=\u00a0\u00bb1&Prime; _builder_version=\u00a0\u00bb4.27.6&Prime; _module_preset=\u00a0\u00bbdefault\u00a0\u00bb custom_padding=\u00a0\u00bb0px||0px||true|false\u00a0\u00bb global_colors_info=\u00a0\u00bb{}\u00a0\u00bb][et_pb_column type=\u00a0\u00bb4_4&Prime; _builder_version=\u00a0\u00bb4.27.6&Prime; _module_preset=\u00a0\u00bbdefault\u00a0\u00bb global_colors_info=\u00a0\u00bb{}\u00a0\u00bb][et_pb_text _builder_version=\u00a0\u00bb4.27.6&Prime; _module_preset=\u00a0\u00bbdefault\u00a0\u00bb text_font_size=\u00a0\u00bb16px\u00a0\u00bb header_text_align=\u00a0\u00bbcenter\u00a0\u00bb header_6_font=\u00a0\u00bbKarla|600|||||||\u00a0\u00bb header_6_font_size=\u00a0\u00bb17px\u00a0\u00bb custom_margin=\u00a0\u00bb-1px||30px||false|false\u00a0\u00bb global_colors_info=\u00a0\u00bb{}\u00a0\u00bb]<\/p>\n<h1 style=\"text-align: center;\">St-Mathieu<\/h1>\n<h6 style=\"text-align: center;\">Maison neuve<\/h6>\n<p>[\/et_pb_text][et_pb_text _builder_version=\u00a0\u00bb4.27.6&Prime; _module_preset=\u00a0\u00bbdefault\u00a0\u00bb text_font=\u00a0\u00bbKarla|300|||||||\u00a0\u00bb text_font_size=\u00a0\u00bb16px\u00a0\u00bb text_orientation=\u00a0\u00bbleft\u00a0\u00bb custom_margin=\u00a0\u00bb-1px||60px|||\u00a0\u00bb global_colors_info=\u00a0\u00bb{}\u00a0\u00bb]<\/p>\n<p style=\"text-align: left;\">Modification du plan initial de la maison afin d\u2019en maximiser l\u2019empreinte au sol et de mieux l\u2019adapter au terrain afin de r\u00e9pondre aux go\u00fbts \u00e9clectiques de cette famille aux attentes atypiques et hors normes. Nous avons enti\u00e8rement repens\u00e9 la structure et l\u2019organisation de chaque pi\u00e8ce de la r\u00e9sidence pour en optimiser le plein potentiel, puis d\u00e9velopp\u00e9 chaque espace avec une identit\u00e9 et une ambiance distinctes.<\/p>\n<p>Un salon grandiose inspir\u00e9 d\u2019une atmosph\u00e8re feutr\u00e9e et th\u00e9\u00e2trale \u00e0 la \u2018\u2019Harry Potter\u2019\u2019, une cuisine etarri\u00e8re-cuisine aux volumes g\u00e9n\u00e9reux, int\u00e9grant deux \u00eelots con\u00e7us pour cr\u00e9er un fort impact visuel et unv\u00e9ritable effet \u00ab WoW! \u00bb. Chaque pi\u00e8ce a \u00e9t\u00e9 pens\u00e9e comme une exp\u00e9rience <br \/>\u00e0 part enti\u00e8re, sans compromis.<\/p>\n<p>Le projet se distingue par des concepts vibrants et assum\u00e9s, destin\u00e9s \u00e0 cr\u00e9er un impact fort et durable. De l\u2019am\u00e9nagement des espaces \u00e0 la conception du design, jusqu\u2019aux plans techniques, cette maison neuve verra bient\u00f4t le jour dans toute sa splendeur.<\/p>\n<p><em>Photos EGP M\u00e9dia<\/em><\/p>\n<p>&nbsp;<\/p>\n<p>[\/et_pb_text][et_pb_gallery gallery_ids=\u00a0\u00bb2966,2965,3004,3005,3006,3007,3008,3009,3010,3011,3012,3013&Prime; posts_number=\u00a0\u00bb20&Prime; show_title_and_caption=\u00a0\u00bboff\u00a0\u00bb show_pagination=\u00a0\u00bboff\u00a0\u00bb zoom_icon_color=\u00a0\u00bb#cda349&Prime; hover_overlay_color=\u00a0\u00bbrgba(0,0,0,0.35)\u00a0\u00bb _builder_version=\u00a0\u00bb4.27.6&Prime; _module_preset=\u00a0\u00bbdefault\u00a0\u00bb custom_padding=\u00a0\u00bb||0px|||\u00a0\u00bb hover_enabled=\u00a0\u00bb0&Prime; border_width_all=\u00a0\u00bb1px\u00a0\u00bb border_color_all=\u00a0\u00bb#FFFFFF\u00a0\u00bb global_colors_info=\u00a0\u00bb{}\u00a0\u00bb sticky_enabled=\u00a0\u00bb0&Prime;][\/et_pb_gallery][\/et_pb_column][\/et_pb_row][\/et_pb_section]<\/p>\n","protected":false},"excerpt":{"rendered":"<p>St-Mathieu Maison neuveModification du plan initial de la maison afin d\u2019en maximiser l\u2019empreinte au sol et de mieux l\u2019adapter au terrain afin de r\u00e9pondre aux go\u00fbts \u00e9clectiques de cette famille aux attentes atypiques et hors normes. Nous avons enti\u00e8rement repens\u00e9 la structure et l\u2019organisation de chaque pi\u00e8ce de la r\u00e9sidence pour en optimiser le plein [&hellip;]<\/p>\n","protected":false},"author":1,"featured_media":0,"parent":0,"menu_order":0,"comment_status":"closed","ping_status":"closed","template":"","meta":{"_et_pb_use_builder":"on","_et_pb_old_content":"","_et_gb_content_width":"","inline_featured_image":false,"footnotes":""},"class_list":["post-2977","page","type-page","status-publish","hentry"],"_links":{"self":[{"href":"https:\/\/www.denisbourgeois.com\/index.php?rest_route=\/wp\/v2\/pages\/2977","targetHints":{"allow":["GET"]}}],"collection":[{"href":"https:\/\/www.denisbourgeois.com\/index.php?rest_route=\/wp\/v2\/pages"}],"about":[{"href":"https:\/\/www.denisbourgeois.com\/index.php?rest_route=\/wp\/v2\/types\/page"}],"author":[{"embeddable":true,"href":"https:\/\/www.denisbourgeois.com\/index.php?rest_route=\/wp\/v2\/users\/1"}],"replies":[{"embeddable":true,"href":"https:\/\/www.denisbourgeois.com\/index.php?rest_route=%2Fwp%2Fv2%2Fcomments&post=2977"}],"version-history":[{"count":7,"href":"https:\/\/www.denisbourgeois.com\/index.php?rest_route=\/wp\/v2\/pages\/2977\/revisions"}],"predecessor-version":[{"id":3014,"href":"https:\/\/www.denisbourgeois.com\/index.php?rest_route=\/wp\/v2\/pages\/2977\/revisions\/3014"}],"wp:attachment":[{"href":"https:\/\/www.denisbourgeois.com\/index.php?rest_route=%2Fwp%2Fv2%2Fmedia&parent=2977"}],"curies":[{"name":"wp","href":"https:\/\/api.w.org\/{rel}","templated":true}]}}