{"id":2949,"date":"2026-05-14T02:28:29","date_gmt":"2026-05-14T00:28:29","guid":{"rendered":"https:\/\/www.denisbourgeois.com\/?page_id=2949"},"modified":"2026-05-14T03:44:17","modified_gmt":"2026-05-14T01:44:17","slug":"residentiel_mont-saint-hilaire","status":"publish","type":"page","link":"https:\/\/www.denisbourgeois.com\/?page_id=2949","title":{"rendered":"R\u00e9sidentiel_Mont Saint-Hilaire"},"content":{"rendered":"<p>[et_pb_section fb_built=\u00a0\u00bb1&Prime; _builder_version=\u00a0\u00bb4.27.6&Prime; _module_preset=\u00a0\u00bbdefault\u00a0\u00bb custom_margin=\u00a0\u00bb100px||||false|false\u00a0\u00bb custom_padding=\u00a0\u00bb||125px|||\u00a0\u00bb global_colors_info=\u00a0\u00bb{}\u00a0\u00bb][et_pb_row use_custom_gutter=\u00a0\u00bbon\u00a0\u00bb gutter_width=\u00a0\u00bb1&Prime; _builder_version=\u00a0\u00bb4.27.6&Prime; _module_preset=\u00a0\u00bbdefault\u00a0\u00bb custom_padding=\u00a0\u00bb0px||0px||true|false\u00a0\u00bb global_colors_info=\u00a0\u00bb{}\u00a0\u00bb][et_pb_column type=\u00a0\u00bb4_4&Prime; _builder_version=\u00a0\u00bb4.27.6&Prime; _module_preset=\u00a0\u00bbdefault\u00a0\u00bb global_colors_info=\u00a0\u00bb{}\u00a0\u00bb][et_pb_text _builder_version=\u00a0\u00bb4.27.6&Prime; _module_preset=\u00a0\u00bbdefault\u00a0\u00bb text_font_size=\u00a0\u00bb16px\u00a0\u00bb header_text_align=\u00a0\u00bbcenter\u00a0\u00bb header_6_font=\u00a0\u00bbKarla|600|||||||\u00a0\u00bb header_6_font_size=\u00a0\u00bb17px\u00a0\u00bb custom_margin=\u00a0\u00bb-1px||30px||false|false\u00a0\u00bb global_colors_info=\u00a0\u00bb{}\u00a0\u00bb]<\/p>\n<h1 style=\"text-align: center;\">Mont Saint-Hilaire:<\/h1>\n<h6 style=\"text-align: center;\">Maison neuve<\/h6>\n<p>[\/et_pb_text][et_pb_text _builder_version=\u00a0\u00bb4.27.6&Prime; _module_preset=\u00a0\u00bbdefault\u00a0\u00bb text_font=\u00a0\u00bbKarla|300|||||||\u00a0\u00bb text_font_size=\u00a0\u00bb16px\u00a0\u00bb text_orientation=\u00a0\u00bbleft\u00a0\u00bb custom_margin=\u00a0\u00bb-1px||60px|||\u00a0\u00bb global_colors_info=\u00a0\u00bb{}\u00a0\u00bb]<\/p>\n<p style=\"text-align: left;\">Conception d\u2019un design int\u00e9rieur pour une maison neuve familiale, avec pour objectif de cr\u00e9er des espaces rassembleurs, chaleureux et adapt\u00e9s au quotidien d\u2019une grande famille, tout en insufflant caract\u00e8re et coh\u00e9rence \u00e0 l\u2019ensemble.Le projet visait \u00e0 optimiser l\u2019organisation des espaces de vie, en portant une attention particuli\u00e8re \u00e0 l\u2019ergonomie et \u00e0 la fonctionnalit\u00e9, notamment dans la cuisine et l\u2019arri\u00e8re-cuisine aux volumes spacieux. Le langage architectural de la r\u00e9sidence a \u00e9t\u00e9 mis en valeur par des interventions structurantes, telles que des jeux de plafonds <br \/>et l\u2019int\u00e9gration de poutres.<\/p>\n<p>Les espaces secondaires ont \u00e9t\u00e9 d\u00e9velopp\u00e9s avec des intentions distinctes : une salle d\u2019eau pens\u00e9e pour un usage polyvalent en lien <br \/>avec l\u2019ext\u00e9rieur; des salles de bain contrast\u00e9es entre une approche plus ludique et color\u00e9e pour les enfants d\u2019un c\u00f4t\u00e9, et de l\u2019autre, sobre <br \/>et intemporelle pour celle des ma\u00eetres. L\u2019ensemble du mandat repose sur une vision globale d\u2019espaces de vie conviviaux, fonctionnels <br \/>etdistinctifs, adapt\u00e9s \u00e0 la r\u00e9alit\u00e9 d\u2019une famille active.<\/p>\n<p><em>Photos EGP M\u00e9dia<\/em><\/p>\n<p>[\/et_pb_text][et_pb_gallery gallery_ids=\u00a0\u00bb2955,2956,2957,2958,2959,2960,2961,2962,2963,2964,2965,2966&Prime; posts_number=\u00a0\u00bb20&Prime; show_title_and_caption=\u00a0\u00bboff\u00a0\u00bb show_pagination=\u00a0\u00bboff\u00a0\u00bb zoom_icon_color=\u00a0\u00bb#cda349&Prime; hover_overlay_color=\u00a0\u00bbrgba(0,0,0,0.35)\u00a0\u00bb _builder_version=\u00a0\u00bb4.27.6&Prime; _module_preset=\u00a0\u00bbdefault\u00a0\u00bb custom_padding=\u00a0\u00bb||28px|||\u00a0\u00bb hover_enabled=\u00a0\u00bb0&Prime; border_width_all=\u00a0\u00bb1px\u00a0\u00bb border_color_all=\u00a0\u00bb#FFFFFF\u00a0\u00bb global_colors_info=\u00a0\u00bb{}\u00a0\u00bb sticky_enabled=\u00a0\u00bb0&Prime;][\/et_pb_gallery][\/et_pb_column][\/et_pb_row][\/et_pb_section]<\/p>\n","protected":false},"excerpt":{"rendered":"<p>Mont Saint-Hilaire: Maison neuveConception d\u2019un design int\u00e9rieur pour une maison neuve familiale, avec pour objectif de cr\u00e9er des espaces rassembleurs, chaleureux et adapt\u00e9s au quotidien d\u2019une grande famille, tout en insufflant caract\u00e8re et coh\u00e9rence \u00e0 l\u2019ensemble.Le projet visait \u00e0 optimiser l\u2019organisation des espaces de vie, en portant une attention particuli\u00e8re \u00e0 l\u2019ergonomie et \u00e0 la [&hellip;]<\/p>\n","protected":false},"author":1,"featured_media":0,"parent":0,"menu_order":0,"comment_status":"closed","ping_status":"closed","template":"","meta":{"_et_pb_use_builder":"on","_et_pb_old_content":"","_et_gb_content_width":"","inline_featured_image":false,"footnotes":""},"class_list":["post-2949","page","type-page","status-publish","hentry"],"_links":{"self":[{"href":"https:\/\/www.denisbourgeois.com\/index.php?rest_route=\/wp\/v2\/pages\/2949","targetHints":{"allow":["GET"]}}],"collection":[{"href":"https:\/\/www.denisbourgeois.com\/index.php?rest_route=\/wp\/v2\/pages"}],"about":[{"href":"https:\/\/www.denisbourgeois.com\/index.php?rest_route=\/wp\/v2\/types\/page"}],"author":[{"embeddable":true,"href":"https:\/\/www.denisbourgeois.com\/index.php?rest_route=\/wp\/v2\/users\/1"}],"replies":[{"embeddable":true,"href":"https:\/\/www.denisbourgeois.com\/index.php?rest_route=%2Fwp%2Fv2%2Fcomments&post=2949"}],"version-history":[{"count":5,"href":"https:\/\/www.denisbourgeois.com\/index.php?rest_route=\/wp\/v2\/pages\/2949\/revisions"}],"predecessor-version":[{"id":3001,"href":"https:\/\/www.denisbourgeois.com\/index.php?rest_route=\/wp\/v2\/pages\/2949\/revisions\/3001"}],"wp:attachment":[{"href":"https:\/\/www.denisbourgeois.com\/index.php?rest_route=%2Fwp%2Fv2%2Fmedia&parent=2949"}],"curies":[{"name":"wp","href":"https:\/\/api.w.org\/{rel}","templated":true}]}}