{"id":2802,"date":"2026-05-13T23:15:57","date_gmt":"2026-05-13T21:15:57","guid":{"rendered":"https:\/\/www.denisbourgeois.com\/?page_id=2802"},"modified":"2026-05-14T02:39:03","modified_gmt":"2026-05-14T00:39:03","slug":"residentiel_candiac","status":"publish","type":"page","link":"https:\/\/www.denisbourgeois.com\/?page_id=2802","title":{"rendered":"R\u00e9sidentiel_Candiac"},"content":{"rendered":"<p>[et_pb_section fb_built=\u00a0\u00bb1&Prime; _builder_version=\u00a0\u00bb4.27.6&Prime; _module_preset=\u00a0\u00bbdefault\u00a0\u00bb custom_margin=\u00a0\u00bb100px||||false|false\u00a0\u00bb custom_padding=\u00a0\u00bb||125px|||\u00a0\u00bb global_colors_info=\u00a0\u00bb{}\u00a0\u00bb][et_pb_row use_custom_gutter=\u00a0\u00bbon\u00a0\u00bb gutter_width=\u00a0\u00bb1&Prime; _builder_version=\u00a0\u00bb4.27.6&Prime; _module_preset=\u00a0\u00bbdefault\u00a0\u00bb custom_padding=\u00a0\u00bb||3px||false|false\u00a0\u00bb global_colors_info=\u00a0\u00bb{}\u00a0\u00bb][et_pb_column type=\u00a0\u00bb4_4&Prime; _builder_version=\u00a0\u00bb4.27.6&Prime; _module_preset=\u00a0\u00bbdefault\u00a0\u00bb global_colors_info=\u00a0\u00bb{}\u00a0\u00bb][et_pb_text _builder_version=\u00a0\u00bb4.27.6&Prime; _module_preset=\u00a0\u00bbdefault\u00a0\u00bb text_font_size=\u00a0\u00bb16px\u00a0\u00bb header_text_align=\u00a0\u00bbcenter\u00a0\u00bb header_6_font=\u00a0\u00bbKarla|600|||||||\u00a0\u00bb header_6_font_size=\u00a0\u00bb17px\u00a0\u00bb custom_margin=\u00a0\u00bb-1px||30px||false|false\u00a0\u00bb global_colors_info=\u00a0\u00bb{}\u00a0\u00bb]<\/p>\n<h1 style=\"text-align: center;\">Candiac<\/h1>\n<h6 style=\"text-align: center;\">Construction de maison neuve<\/h6>\n<p>[\/et_pb_text][et_pb_text _builder_version=\u00a0\u00bb4.27.6&Prime; _module_preset=\u00a0\u00bbdefault\u00a0\u00bb text_font=\u00a0\u00bbKarla|300|||||||\u00a0\u00bb text_font_size=\u00a0\u00bb16px\u00a0\u00bb text_orientation=\u00a0\u00bbleft\u00a0\u00bb custom_margin=\u00a0\u00bb0px||60px||false|false\u00a0\u00bb global_colors_info=\u00a0\u00bb{}\u00a0\u00bb]<\/p>\n<p style=\"text-align: left;\">Les clients ont sollicit\u00e9 notre expertise afin de repenser les plans initiaux de leur maison neuve, qui ne traduisaient pas pleinement leur vision ni leur mani\u00e8re d\u2019habiter les lieux. Notre intervention a d\u2019abord consist\u00e9 en un travail approfondi sur l\u2019am\u00e9nagement des divisions et l\u2019optimisation du plan de base, dans le but de maximiser le potentiel de chaque espace en repensant et en bonifiant chaque pi\u00e8ce sur mesure. Une fois la structure red\u00e9finie, nous avons d\u00e9velopp\u00e9 le concept global de la r\u00e9sidence, en \u00e9tablissant l\u2019ambiance de chaque pi\u00e8ce ainsi que la s\u00e9lection des mat\u00e9riaux et des finis, afin de cr\u00e9er un style distinctif.<\/p>\n<p>Anim\u00e9s par un int\u00e9r\u00eat marqu\u00e9 pour les nouvelles tendances, les clients souhaitaient insuffler ducaract\u00e8re \u00e0 leur demeure et affirmer une identit\u00e9 forte \u00e0 chaque espace. Notre approche a permis deconcr\u00e9tiser cette vision en proposant un environnement \u00e0 la fois actuel, \u00e9l\u00e9gant et parfaitement adapt\u00e9\u00e0 leur mode de vie.<\/p>\n<p><em>Photos EGP M\u00e9dia<\/em><\/p>\n<p>[\/et_pb_text][et_pb_gallery gallery_ids=\u00a0\u00bb2808,2809,2810,2811,2812,2813,2814,2815,2816,2817,2818,2819,2820&Prime; posts_number=\u00a0\u00bb20&Prime; show_title_and_caption=\u00a0\u00bboff\u00a0\u00bb show_pagination=\u00a0\u00bboff\u00a0\u00bb zoom_icon_color=\u00a0\u00bb#cda349&Prime; hover_overlay_color=\u00a0\u00bbrgba(0,0,0,0.35)\u00a0\u00bb hover_icon=\u00a0\u00bb&#x54;||divi||400&Prime; _builder_version=\u00a0\u00bb4.27.6&Prime; _module_preset=\u00a0\u00bbdefault\u00a0\u00bb custom_padding=\u00a0\u00bb||30px|||\u00a0\u00bb border_width_all=\u00a0\u00bb1px\u00a0\u00bb border_color_all=\u00a0\u00bb#FFFFFF\u00a0\u00bb global_colors_info=\u00a0\u00bb{}\u00a0\u00bb][\/et_pb_gallery][et_pb_divider color=\u00a0\u00bb#cda349&Prime; divider_position=\u00a0\u00bbcenter\u00a0\u00bb _builder_version=\u00a0\u00bb4.27.6&Prime; _module_preset=\u00a0\u00bbdefault\u00a0\u00bb global_colors_info=\u00a0\u00bb{}\u00a0\u00bb][\/et_pb_divider][et_pb_text _builder_version=\u00a0\u00bb4.27.6&Prime; _module_preset=\u00a0\u00bbdefault\u00a0\u00bb header_4_font=\u00a0\u00bbKarla|600|||||||\u00a0\u00bb header_4_text_color=\u00a0\u00bb#000000&Prime; header_6_font=\u00a0\u00bbKarla|600|||||||\u00a0\u00bb custom_margin=\u00a0\u00bb0px||30px||false|false\u00a0\u00bb global_colors_info=\u00a0\u00bb{}\u00a0\u00bb]<\/p>\n<h6>Avant<\/h6>\n<p>[\/et_pb_text][et_pb_gallery gallery_ids=\u00a0\u00bb2823,2824,2825,2826&Prime; show_title_and_caption=\u00a0\u00bboff\u00a0\u00bb show_pagination=\u00a0\u00bboff\u00a0\u00bb zoom_icon_color=\u00a0\u00bb#cda349&Prime; hover_overlay_color=\u00a0\u00bbrgba(0,0,0,0.35)\u00a0\u00bb hover_icon=\u00a0\u00bb&#x54;||divi||400&Prime; _builder_version=\u00a0\u00bb4.27.6&Prime; _module_preset=\u00a0\u00bbdefault\u00a0\u00bb child_filter_saturate=\u00a0\u00bb0%\u00a0\u00bb border_width_all=\u00a0\u00bb1px\u00a0\u00bb border_color_all=\u00a0\u00bb#FFFFFF\u00a0\u00bb global_colors_info=\u00a0\u00bb{}\u00a0\u00bb][\/et_pb_gallery][\/et_pb_column][\/et_pb_row][\/et_pb_section]<\/p>\n","protected":false},"excerpt":{"rendered":"<p>Candiac Construction de maison neuveLes clients ont sollicit\u00e9 notre expertise afin de repenser les plans initiaux de leur maison neuve, qui ne traduisaient pas pleinement leur vision ni leur mani\u00e8re d\u2019habiter les lieux. Notre intervention a d\u2019abord consist\u00e9 en un travail approfondi sur l\u2019am\u00e9nagement des divisions et l\u2019optimisation du plan de base, dans le but [&hellip;]<\/p>\n","protected":false},"author":1,"featured_media":0,"parent":0,"menu_order":0,"comment_status":"closed","ping_status":"closed","template":"","meta":{"_et_pb_use_builder":"on","_et_pb_old_content":"","_et_gb_content_width":"","inline_featured_image":false,"footnotes":""},"class_list":["post-2802","page","type-page","status-publish","hentry"],"_links":{"self":[{"href":"https:\/\/www.denisbourgeois.com\/index.php?rest_route=\/wp\/v2\/pages\/2802","targetHints":{"allow":["GET"]}}],"collection":[{"href":"https:\/\/www.denisbourgeois.com\/index.php?rest_route=\/wp\/v2\/pages"}],"about":[{"href":"https:\/\/www.denisbourgeois.com\/index.php?rest_route=\/wp\/v2\/types\/page"}],"author":[{"embeddable":true,"href":"https:\/\/www.denisbourgeois.com\/index.php?rest_route=\/wp\/v2\/users\/1"}],"replies":[{"embeddable":true,"href":"https:\/\/www.denisbourgeois.com\/index.php?rest_route=%2Fwp%2Fv2%2Fcomments&post=2802"}],"version-history":[{"count":12,"href":"https:\/\/www.denisbourgeois.com\/index.php?rest_route=\/wp\/v2\/pages\/2802\/revisions"}],"predecessor-version":[{"id":2927,"href":"https:\/\/www.denisbourgeois.com\/index.php?rest_route=\/wp\/v2\/pages\/2802\/revisions\/2927"}],"wp:attachment":[{"href":"https:\/\/www.denisbourgeois.com\/index.php?rest_route=%2Fwp%2Fv2%2Fmedia&parent=2802"}],"curies":[{"name":"wp","href":"https:\/\/api.w.org\/{rel}","templated":true}]}}