{"id":2344,"date":"2026-05-11T04:25:15","date_gmt":"2026-05-11T02:25:15","guid":{"rendered":"https:\/\/www.denisbourgeois.com\/?page_id=2344"},"modified":"2026-05-14T02:37:48","modified_gmt":"2026-05-14T00:37:48","slug":"brossard-2","status":"publish","type":"page","link":"https:\/\/www.denisbourgeois.com\/?page_id=2344","title":{"rendered":"R\u00e9sidentiel_Richelieu"},"content":{"rendered":"<p>[et_pb_section fb_built=\u00a0\u00bb1&Prime; _builder_version=\u00a0\u00bb4.27.6&Prime; _module_preset=\u00a0\u00bbdefault\u00a0\u00bb custom_margin=\u00a0\u00bb100px||0px||false|false\u00a0\u00bb custom_padding=\u00a0\u00bb100px||125px|||\u00a0\u00bb global_colors_info=\u00a0\u00bb{}\u00a0\u00bb][et_pb_row use_custom_gutter=\u00a0\u00bbon\u00a0\u00bb gutter_width=\u00a0\u00bb1&Prime; _builder_version=\u00a0\u00bb4.27.6&Prime; _module_preset=\u00a0\u00bbdefault\u00a0\u00bb custom_margin=\u00a0\u00bb|auto|0px|auto||\u00a0\u00bb custom_padding=\u00a0\u00bb77px||77px||true|false\u00a0\u00bb global_colors_info=\u00a0\u00bb{}\u00a0\u00bb][et_pb_column type=\u00a0\u00bb4_4&Prime; _builder_version=\u00a0\u00bb4.27.6&Prime; _module_preset=\u00a0\u00bbdefault\u00a0\u00bb global_colors_info=\u00a0\u00bb{}\u00a0\u00bb][et_pb_text _builder_version=\u00a0\u00bb4.27.6&Prime; _module_preset=\u00a0\u00bbdefault\u00a0\u00bb text_font_size=\u00a0\u00bb16px\u00a0\u00bb header_text_align=\u00a0\u00bbcenter\u00a0\u00bb header_6_font=\u00a0\u00bbKarla|600|||||||\u00a0\u00bb header_6_font_size=\u00a0\u00bb17px\u00a0\u00bb custom_margin=\u00a0\u00bb-1px||30px||false|false\u00a0\u00bb global_colors_info=\u00a0\u00bb{}\u00a0\u00bb]<\/p>\n<h1 style=\"text-align: center;\">Richelieu<\/h1>\n<h6 style=\"text-align: center;\">R\u00e9novation et agrandissement<\/h6>\n<p>[\/et_pb_text][et_pb_text _builder_version=\u00a0\u00bb4.27.6&Prime; _module_preset=\u00a0\u00bbdefault\u00a0\u00bb text_font=\u00a0\u00bbKarla|300|||||||\u00a0\u00bb text_font_size=\u00a0\u00bb16px\u00a0\u00bb text_orientation=\u00a0\u00bbleft\u00a0\u00bb custom_margin=\u00a0\u00bb-1px||60px|||\u00a0\u00bb global_colors_info=\u00a0\u00bb{}\u00a0\u00bb]<\/p>\n<p style=\"text-align: left;\">Ce projet visait la r\u00e9alisation d\u2019un agrandissement majeur afin de repenser enti\u00e8rement l\u2019aire de vie principale, en offrant des espaces cuisine et salle \u00e0 manger plus vastes, lumineux et conviviaux. L\u2019intervention a \u00e9galement consist\u00e9 \u00e0 transformer l\u2019architecture, avec l\u2019introduction d\u2019un plafond cath\u00e9drale qui accentue les volumes, jumel\u00e9e \u00e0 une fenestration soigneusement pens\u00e9e pour maximiser la lumi\u00e8re naturelle et sublimer la vue exceptionnelle.<\/p>\n<p style=\"text-align: left;\">Les propri\u00e9taires souhaitaient une cuisine \u00e0 la hauteur de leur mode de vie : spacieuse, fonctionnelle et parfaitement adapt\u00e9e \u00e0 une famille de cinq enfants ainsi qu\u2019\u00e0 la r\u00e9ception d\u2019invit\u00e9s. L\u2019int\u00e9gration d\u2019un vaste \u00eelot central et de solutions de rangement abondantes faisait partie int\u00e9grante de leurs priorit\u00e9s. Le projet s\u2019est prolong\u00e9 vers l\u2019ext\u00e9rieur avec l\u2019am\u00e9nagement d\u2019un espace de vie complet \u00e0 l\u2019abris des intemp\u00e9ries, comprenant une cuisine ext\u00e9rieure, zone BBQ et une salle \u00e0 manger, cr\u00e9ant ainsi une continuit\u00e9 harmonieuse entre int\u00e9rieur et ext\u00e9rieur. Notre \u00e9quipe a accompagn\u00e9 les clients \u00e0 plusieurs \u00e9tapes du projet, incluant l\u2019\u00e9laboration du concept, la production des plans techniques, la s\u00e9lection des mat\u00e9riaux, supervision des travaux et la mise en place de la d\u00e9coration.<\/p>\n<p style=\"text-align: left;\"><em>Photos EGP M\u00e9dia<\/em><\/p>\n<p>[\/et_pb_text][et_pb_gallery gallery_ids=\u00a0\u00bb2776,2777,2778,2779,2780,2781,2782,2783,2784,2785,2786,2787,2788,2789&Prime; posts_number=\u00a0\u00bb25&Prime; show_title_and_caption=\u00a0\u00bboff\u00a0\u00bb show_pagination=\u00a0\u00bboff\u00a0\u00bb zoom_icon_color=\u00a0\u00bb#cda349&Prime; hover_overlay_color=\u00a0\u00bbrgba(0,0,0,0.35)\u00a0\u00bb hover_icon=\u00a0\u00bb&#x54;||divi||400&Prime; _builder_version=\u00a0\u00bb4.27.6&Prime; _module_preset=\u00a0\u00bbdefault\u00a0\u00bb border_width_all=\u00a0\u00bb1px\u00a0\u00bb border_color_all=\u00a0\u00bb#FFFFFF\u00a0\u00bb global_colors_info=\u00a0\u00bb{}\u00a0\u00bb][\/et_pb_gallery][et_pb_divider color=\u00a0\u00bb#cda349&Prime; divider_position=\u00a0\u00bbcenter\u00a0\u00bb _builder_version=\u00a0\u00bb4.27.6&Prime; _module_preset=\u00a0\u00bbdefault\u00a0\u00bb custom_margin=\u00a0\u00bb30px||||false|false\u00a0\u00bb global_colors_info=\u00a0\u00bb{}\u00a0\u00bb][\/et_pb_divider][et_pb_text _builder_version=\u00a0\u00bb4.27.6&Prime; _module_preset=\u00a0\u00bbdefault\u00a0\u00bb header_6_font=\u00a0\u00bbKarla|600|||||||\u00a0\u00bb header_6_font_size=\u00a0\u00bb17px\u00a0\u00bb global_colors_info=\u00a0\u00bb{}\u00a0\u00bb]<\/p>\n<h6>Avant<\/h6>\n<p>[\/et_pb_text][et_pb_gallery gallery_ids=\u00a0\u00bb2790,2791&Prime; posts_number=\u00a0\u00bb5&Prime; show_title_and_caption=\u00a0\u00bboff\u00a0\u00bb show_pagination=\u00a0\u00bboff\u00a0\u00bb zoom_icon_color=\u00a0\u00bb#cda349&Prime; hover_overlay_color=\u00a0\u00bbrgba(0,0,0,0.35)\u00a0\u00bb hover_icon=\u00a0\u00bb&#x54;||divi||400&Prime; _builder_version=\u00a0\u00bb4.27.6&Prime; _module_preset=\u00a0\u00bbdefault\u00a0\u00bb custom_margin=\u00a0\u00bb30px||||false|false\u00a0\u00bb child_filter_saturate=\u00a0\u00bb0%\u00a0\u00bb border_width_all=\u00a0\u00bb1px\u00a0\u00bb border_color_all=\u00a0\u00bb#FFFFFF\u00a0\u00bb global_colors_info=\u00a0\u00bb{}\u00a0\u00bb][\/et_pb_gallery][\/et_pb_column][\/et_pb_row][\/et_pb_section]<\/p>\n","protected":false},"excerpt":{"rendered":"<p>Richelieu R\u00e9novation et agrandissementCe projet visait la r\u00e9alisation d\u2019un agrandissement majeur afin de repenser enti\u00e8rement l\u2019aire de vie principale, en offrant des espaces cuisine et salle \u00e0 manger plus vastes, lumineux et conviviaux. L\u2019intervention a \u00e9galement consist\u00e9 \u00e0 transformer l\u2019architecture, avec l\u2019introduction d\u2019un plafond cath\u00e9drale qui accentue les volumes, jumel\u00e9e \u00e0 une fenestration soigneusement pens\u00e9e [&hellip;]<\/p>\n","protected":false},"author":1,"featured_media":0,"parent":0,"menu_order":0,"comment_status":"closed","ping_status":"closed","template":"","meta":{"_et_pb_use_builder":"on","_et_pb_old_content":"","_et_gb_content_width":"","inline_featured_image":false,"footnotes":""},"class_list":["post-2344","page","type-page","status-publish","hentry"],"_links":{"self":[{"href":"https:\/\/www.denisbourgeois.com\/index.php?rest_route=\/wp\/v2\/pages\/2344","targetHints":{"allow":["GET"]}}],"collection":[{"href":"https:\/\/www.denisbourgeois.com\/index.php?rest_route=\/wp\/v2\/pages"}],"about":[{"href":"https:\/\/www.denisbourgeois.com\/index.php?rest_route=\/wp\/v2\/types\/page"}],"author":[{"embeddable":true,"href":"https:\/\/www.denisbourgeois.com\/index.php?rest_route=\/wp\/v2\/users\/1"}],"replies":[{"embeddable":true,"href":"https:\/\/www.denisbourgeois.com\/index.php?rest_route=%2Fwp%2Fv2%2Fcomments&post=2344"}],"version-history":[{"count":39,"href":"https:\/\/www.denisbourgeois.com\/index.php?rest_route=\/wp\/v2\/pages\/2344\/revisions"}],"predecessor-version":[{"id":2972,"href":"https:\/\/www.denisbourgeois.com\/index.php?rest_route=\/wp\/v2\/pages\/2344\/revisions\/2972"}],"wp:attachment":[{"href":"https:\/\/www.denisbourgeois.com\/index.php?rest_route=%2Fwp%2Fv2%2Fmedia&parent=2344"}],"curies":[{"name":"wp","href":"https:\/\/api.w.org\/{rel}","templated":true}]}}